{"id":1973,"date":"2019-06-14T09:57:26","date_gmt":"2019-06-14T07:57:26","guid":{"rendered":"https:\/\/espace-chirurgie.ch\/wissenswertes\/"},"modified":"2026-03-22T17:29:57","modified_gmt":"2026-03-22T16:29:57","slug":"infos","status":"publish","type":"page","link":"https:\/\/espace-chirurgie.ch\/fr\/infos\/","title":{"rendered":"Infos"},"content":{"rendered":"\n<div class=\"wp-block-sht-header has-background has-white-background-color\">\n\t<div class=\"wp-block-sht-header__inner\">\n\t\t<figure class=\"wp-block-sht-header__figure\"><img loading=\"lazy\" decoding=\"async\" width=\"2560\" height=\"1080\" src=\"https:\/\/espace-chirurgie.ch\/wp-content\/uploads\/2025\/05\/Wissenswertes-Header-V2.jpg\" class=\"wp-block-sht-header__image\" alt=\"Dr. med. Christof Z\u00f6llner bereitet sich auf die Operation vor, Symbolbild Wissenswertes Espace Chirurgie\" style=\"object-position: 56% 37%;\" srcset=\"https:\/\/espace-chirurgie.ch\/wp-content\/uploads\/2025\/05\/Wissenswertes-Header-V2.jpg 2560w, https:\/\/espace-chirurgie.ch\/wp-content\/uploads\/2025\/05\/Wissenswertes-Header-V2-300x127.jpg 300w, https:\/\/espace-chirurgie.ch\/wp-content\/uploads\/2025\/05\/Wissenswertes-Header-V2-1024x432.jpg 1024w, https:\/\/espace-chirurgie.ch\/wp-content\/uploads\/2025\/05\/Wissenswertes-Header-V2-768x324.jpg 768w, https:\/\/espace-chirurgie.ch\/wp-content\/uploads\/2025\/05\/Wissenswertes-Header-V2-1536x648.jpg 1536w, https:\/\/espace-chirurgie.ch\/wp-content\/uploads\/2025\/05\/Wissenswertes-Header-V2-2048x864.jpg 2048w\" sizes=\"auto, (max-width: 2560px) 100vw, 2560px\" \/><\/figure>\t\t<div class=\"wp-block-sht-header__content \" >\n\t\t\t\t\t\t\t<h1 class=\"wp-block-sht-header__title\">INFORMATIONS UTILES<\/h1>\n\t\t\t\n\t\t\t\t\t\t\t<span aria-hidden=\"true\" class=\"wp-block-sht-header__title-background has-white-background-color has-background\"><\/span>\n\t\t\t\t\t<\/div>\n\t<\/div>\n<\/div>\n\n\n\n\n<div class=\"wp-block-group alignwide is-style-group-section\" id=\"blog\"><div class=\"wp-block-group__inner-container is-layout-constrained wp-block-group-is-layout-constrained\">\n<p class=\"has-text-align-center\">Sur notre <strong>blog<\/strong>, vous trouvez des informations actuelles autour d\u2019Espace Chirurgie: Des articles m\u00e9dicaux sp\u00e9cialis\u00e9s, des indications organisationnelles ainsi que des nouvelles de notre \u00e9quipe.<\/p>\n\n\n\n<p class=\"has-text-align-center\">Notre <strong>glossaire<\/strong> explique les termes m\u00e9dicaux de mani\u00e8re claire et concise. <br><br>Et par ici, nous r\u00e9pondons aux <strong>questions les plus fr\u00e9quentes<\/strong>:<\/p>\n\n\n\n<div class=\"wp-block-buttons is-content-justification-center is-layout-flex wp-container-core-buttons-is-layout-16018d1d wp-block-buttons-is-layout-flex\">\n<div class=\"wp-block-button is-style-outline is-style-outline--2\"><a class=\"wp-block-button__link wp-element-button\" href=\"#faq\" style=\"border-radius:0px\">Questions et r\u00e9ponses<\/a><\/div>\n<\/div>\n\n\n\n<h2 class=\"wp-block-heading has-text-align-center\">Blog<\/h2>\n\n\n<div class=\"sht-content-block sht-blog-block\"><b>Blog Block<\/b><p>Liste der Beitr\u00e4ge. <a href=\"https:\/\/espace-chirurgie.ch\/wp-admin\/edit.php?post_type=post\" target=\"blank\">Beitr\u00e4ge verwalten<\/a>.<br>Es werden 9 Beitr\u00e4ge angezeigt.<\/p><\/div><\/div><\/div>\n\n\n\n<div style=\"height:var(--wp--preset--spacing--70)\" aria-hidden=\"true\" class=\"wp-block-spacer\"><\/div>\n\n\n\n<div class=\"wp-block-group alignwide\" id=\"glossaire\"><div class=\"wp-block-group__inner-container is-layout-constrained wp-block-group-is-layout-constrained\">\n<h2 class=\"wp-block-heading has-text-align-center\">Glossaire<\/h2>\n\n\n<p>Liste der Glossar Eintr\u00e4ge. <a href=\"https:\/\/espace-chirurgie.ch\/wp-admin\/edit.php?post_type=glossary\" target=\"blank\">Glossar Eintr\u00e4ge verwalten<\/a>.<\/p><\/div><\/div>\n\n\n\n<div style=\"height:var(--wp--preset--spacing--70)\" aria-hidden=\"true\" class=\"wp-block-spacer\"><\/div>\n\n\n\n<div class=\"wp-block-group alignwide\" id=\"faq\"><div class=\"wp-block-group__inner-container is-layout-constrained wp-block-group-is-layout-constrained\">\n<h2 class=\"wp-block-heading has-text-align-center\">Questions et r\u00e9ponses<\/h2>\n\n\n\n<p class=\"has-text-align-center\"><strong>Vous trouverez ici des r\u00e9ponses aux questions fr\u00e9quemment pos\u00e9es sur divers sujets relatifs \u00e0 votre traitement et \u00e0 notre service, par ordre alphab\u00e9tique. Ces explications ont pour but de vous aider \u00e0 mieux vous rep\u00e9rer et \u00e0 obtenir toutes les informations importantes rapidement et facilement.<\/strong><\/p>\n\n\n\n<div class=\"wp-block-sht-faq-list\">\n\t<ul class=\"wp-block-sht-faq-list__entries\">\n\t\t\t\t\t<li class=\"wp-block-sht-faq-list__entry\">\n\t\t\t\t<figure class=\"wp-block-sht-faq-list__figure\"><a href=\"https:\/\/espace-chirurgie.ch\/fr\/faq\/alimentation-apres-une-sleeve-gastrique\/\" class=\"wp-block-sht-faq-list__figure-link\"><img loading=\"lazy\" decoding=\"async\" width=\"300\" height=\"83\" src=\"https:\/\/espace-chirurgie.ch\/wp-content\/uploads\/2025\/05\/Schonkost-300x83.png\" class=\"wp-block-sht-faq-list__figure wp-post-image\" alt=\"\" srcset=\"https:\/\/espace-chirurgie.ch\/wp-content\/uploads\/2025\/05\/Schonkost-300x83.png 300w, https:\/\/espace-chirurgie.ch\/wp-content\/uploads\/2025\/05\/Schonkost-1024x284.png 1024w, https:\/\/espace-chirurgie.ch\/wp-content\/uploads\/2025\/05\/Schonkost-768x213.png 768w, https:\/\/espace-chirurgie.ch\/wp-content\/uploads\/2025\/05\/Schonkost.png 1080w\" sizes=\"auto, (max-width: 300px) 100vw, 300px\" \/><\/a><\/figure>\t\t\t\t<div class=\"wp-block-sht-faq-list__entry-text\">\n\t\t\t\t\t<h3 class=\"wp-block-sht-faq-list__entry-title\">\n\t\t\t\t\t\t<a href=\"https:\/\/espace-chirurgie.ch\/fr\/faq\/alimentation-apres-une-sleeve-gastrique\/\">\n\t\t\t\t\t\t\tAlimentation apr\u00e8s une sleeve gastrique\t\t\t\t\t\t<\/a>\n\t\t\t\t\t<\/h3>\n\t\t\t\t\t\t\t\t\t\t\t<p class=\"wp-block-sht-faq-list__entry-excerpt\">Une op\u00e9ration de type sleeve gastrique ne modifie pas seulement l\u2019estomac, elle modifie aussi la&#8230;<\/p>\n\t\t\t\t\t\t\t\t\t\t<p class=\"wp-block-sht-faq-list__entry-link\">\n\t\t\t\t\t\t<a href=\"https:\/\/espace-chirurgie.ch\/fr\/faq\/alimentation-apres-une-sleeve-gastrique\/\">Lire la suite<\/a>\n\t\t\t\t\t<\/p>\n\t\t\t\t<\/div>\n\t\t\t<\/li>\n\t\t\t\t\t<li class=\"wp-block-sht-faq-list__entry\">\n\t\t\t\t<figure class=\"wp-block-sht-faq-list__figure\"><a href=\"https:\/\/espace-chirurgie.ch\/fr\/faq\/questions-frequentes-posees-au-service-dietetique\/\" class=\"wp-block-sht-faq-list__figure-link\"><img loading=\"lazy\" decoding=\"async\" width=\"300\" height=\"169\" src=\"https:\/\/espace-chirurgie.ch\/wp-content\/uploads\/2026\/03\/Besprechnugsraum_2_OG4_FB-edited-300x169.jpg\" class=\"wp-block-sht-faq-list__figure wp-post-image\" alt=\"\" srcset=\"https:\/\/espace-chirurgie.ch\/wp-content\/uploads\/2026\/03\/Besprechnugsraum_2_OG4_FB-edited-300x169.jpg 300w, https:\/\/espace-chirurgie.ch\/wp-content\/uploads\/2026\/03\/Besprechnugsraum_2_OG4_FB-edited-1024x576.jpg 1024w, https:\/\/espace-chirurgie.ch\/wp-content\/uploads\/2026\/03\/Besprechnugsraum_2_OG4_FB-edited-768x432.jpg 768w, https:\/\/espace-chirurgie.ch\/wp-content\/uploads\/2026\/03\/Besprechnugsraum_2_OG4_FB-edited-1536x863.jpg 1536w, https:\/\/espace-chirurgie.ch\/wp-content\/uploads\/2026\/03\/Besprechnugsraum_2_OG4_FB-edited.jpg 2048w\" sizes=\"auto, (max-width: 300px) 100vw, 300px\" \/><\/a><\/figure>\t\t\t\t<div class=\"wp-block-sht-faq-list__entry-text\">\n\t\t\t\t\t<h3 class=\"wp-block-sht-faq-list__entry-title\">\n\t\t\t\t\t\t<a href=\"https:\/\/espace-chirurgie.ch\/fr\/faq\/questions-frequentes-posees-au-service-dietetique\/\">\n\t\t\t\t\t\t\tQuestions fr\u00e9quentes pos\u00e9es au service di\u00e9t\u00e9tique\t\t\t\t\t\t<\/a>\n\t\t\t\t\t<\/h3>\n\t\t\t\t\t\t\t\t\t\t\t<p class=\"wp-block-sht-faq-list__entry-excerpt\">Vous trouverez ici les r\u00e9ponses aux questions qui nous sont le plus fr\u00e9quemment pos\u00e9es au&#8230;<\/p>\n\t\t\t\t\t\t\t\t\t\t<p class=\"wp-block-sht-faq-list__entry-link\">\n\t\t\t\t\t\t<a href=\"https:\/\/espace-chirurgie.ch\/fr\/faq\/questions-frequentes-posees-au-service-dietetique\/\">Lire la suite<\/a>\n\t\t\t\t\t<\/p>\n\t\t\t\t<\/div>\n\t\t\t<\/li>\n\t\t\t<\/ul>\n<\/div>\n<\/div><\/div>\n\n\n\n<div style=\"height:var(--wp--preset--spacing--70)\" aria-hidden=\"true\" class=\"wp-block-spacer\"><\/div>\n\n\n","protected":false},"excerpt":{"rendered":"<p>Comment se d\u00e9roule le premier rendez-vous avec nous ? Quand faut-il op\u00e9rer une hernie inguinale&#8230;<\/p>\n","protected":false},"author":5,"featured_media":0,"parent":0,"menu_order":0,"comment_status":"closed","ping_status":"closed","template":"","meta":{"_acf_changed":false,"footnotes":""},"class_list":["post-1973","page","type-page","status-publish","hentry"],"acf":[],"yoast_head":"<!-- This site is optimized with the Yoast SEO plugin v27.4 - https:\/\/yoast.com\/product\/yoast-seo-wordpress\/ -->\n<title>Infos &#8211; Espace Chirurgie<\/title>\n<meta name=\"robots\" content=\"index, follow, max-snippet:-1, max-image-preview:large, max-video-preview:-1\" \/>\n<link rel=\"canonical\" href=\"https:\/\/espace-chirurgie.ch\/fr\/infos\/\" \/>\n<meta property=\"og:locale\" content=\"fr_FR\" \/>\n<meta property=\"og:type\" content=\"article\" \/>\n<meta property=\"og:title\" content=\"Infos &#8211; Espace Chirurgie\" \/>\n<meta property=\"og:description\" content=\"Comment se d\u00e9roule le premier rendez-vous avec nous ? Quand faut-il op\u00e9rer une hernie inguinale...\" \/>\n<meta property=\"og:url\" content=\"https:\/\/espace-chirurgie.ch\/fr\/infos\/\" \/>\n<meta property=\"og:site_name\" content=\"Espace Chirurgie\" \/>\n<meta property=\"article:publisher\" content=\"https:\/\/www.facebook.com\/espacechirurgie\" \/>\n<meta property=\"article:modified_time\" content=\"2026-03-22T16:29:57+00:00\" \/>\n<meta name=\"twitter:card\" content=\"summary_large_image\" \/>\n<meta name=\"twitter:label1\" content=\"Dur\u00e9e de lecture estim\u00e9e\" \/>\n\t<meta name=\"twitter:data1\" content=\"1 minute\" \/>\n<script type=\"application\/ld+json\" class=\"yoast-schema-graph\">{\"@context\":\"https:\\\/\\\/schema.org\",\"@graph\":[{\"@type\":\"WebPage\",\"@id\":\"https:\\\/\\\/espace-chirurgie.ch\\\/fr\\\/infos\\\/\",\"url\":\"https:\\\/\\\/espace-chirurgie.ch\\\/fr\\\/infos\\\/\",\"name\":\"Infos &#8211; Espace Chirurgie\",\"isPartOf\":{\"@id\":\"https:\\\/\\\/espace-chirurgie.ch\\\/fr\\\/#website\"},\"datePublished\":\"2019-06-14T07:57:26+00:00\",\"dateModified\":\"2026-03-22T16:29:57+00:00\",\"breadcrumb\":{\"@id\":\"https:\\\/\\\/espace-chirurgie.ch\\\/fr\\\/infos\\\/#breadcrumb\"},\"inLanguage\":\"fr-FR\",\"potentialAction\":[{\"@type\":\"ReadAction\",\"target\":[\"https:\\\/\\\/espace-chirurgie.ch\\\/fr\\\/infos\\\/\"]}]},{\"@type\":\"BreadcrumbList\",\"@id\":\"https:\\\/\\\/espace-chirurgie.ch\\\/fr\\\/infos\\\/#breadcrumb\",\"itemListElement\":[{\"@type\":\"ListItem\",\"position\":1,\"name\":\"Startseite\",\"item\":\"https:\\\/\\\/espace-chirurgie.ch\\\/fr\\\/\"},{\"@type\":\"ListItem\",\"position\":2,\"name\":\"Infos\"}]},{\"@type\":\"WebSite\",\"@id\":\"https:\\\/\\\/espace-chirurgie.ch\\\/fr\\\/#website\",\"url\":\"https:\\\/\\\/espace-chirurgie.ch\\\/fr\\\/\",\"name\":\"Espace Chirurgie\",\"description\":\"Zentrum mit modernster und qualitativ hochwertiger chirurgischer Behandlung.\",\"publisher\":{\"@id\":\"https:\\\/\\\/espace-chirurgie.ch\\\/fr\\\/#organization\"},\"potentialAction\":[{\"@type\":\"SearchAction\",\"target\":{\"@type\":\"EntryPoint\",\"urlTemplate\":\"https:\\\/\\\/espace-chirurgie.ch\\\/fr\\\/?s={search_term_string}\"},\"query-input\":{\"@type\":\"PropertyValueSpecification\",\"valueRequired\":true,\"valueName\":\"search_term_string\"}}],\"inLanguage\":\"fr-FR\"},{\"@type\":\"Organization\",\"@id\":\"https:\\\/\\\/espace-chirurgie.ch\\\/fr\\\/#organization\",\"name\":\"Espace Chirurgie\",\"url\":\"https:\\\/\\\/espace-chirurgie.ch\\\/fr\\\/\",\"logo\":{\"@type\":\"ImageObject\",\"inLanguage\":\"fr-FR\",\"@id\":\"https:\\\/\\\/espace-chirurgie.ch\\\/fr\\\/#\\\/schema\\\/logo\\\/image\\\/\",\"url\":\"https:\\\/\\\/espace-chirurgie.ch\\\/wp-content\\\/uploads\\\/2019\\\/06\\\/espace-chirurgie-logo.svg\",\"contentUrl\":\"https:\\\/\\\/espace-chirurgie.ch\\\/wp-content\\\/uploads\\\/2019\\\/06\\\/espace-chirurgie-logo.svg\",\"width\":403,\"height\":86,\"caption\":\"Espace Chirurgie\"},\"image\":{\"@id\":\"https:\\\/\\\/espace-chirurgie.ch\\\/fr\\\/#\\\/schema\\\/logo\\\/image\\\/\"},\"sameAs\":[\"https:\\\/\\\/www.facebook.com\\\/espacechirurgie\",\"https:\\\/\\\/www.linkedin.com\\\/company\\\/espace-chirurgie\\\/\"]}]}<\/script>\n<!-- \/ Yoast SEO plugin. -->","yoast_head_json":{"title":"Infos &#8211; Espace Chirurgie","robots":{"index":"index","follow":"follow","max-snippet":"max-snippet:-1","max-image-preview":"max-image-preview:large","max-video-preview":"max-video-preview:-1"},"canonical":"https:\/\/espace-chirurgie.ch\/fr\/infos\/","og_locale":"fr_FR","og_type":"article","og_title":"Infos &#8211; Espace Chirurgie","og_description":"Comment se d\u00e9roule le premier rendez-vous avec nous ? Quand faut-il op\u00e9rer une hernie inguinale...","og_url":"https:\/\/espace-chirurgie.ch\/fr\/infos\/","og_site_name":"Espace Chirurgie","article_publisher":"https:\/\/www.facebook.com\/espacechirurgie","article_modified_time":"2026-03-22T16:29:57+00:00","twitter_card":"summary_large_image","twitter_misc":{"Dur\u00e9e de lecture estim\u00e9e":"1 minute"},"schema":{"@context":"https:\/\/schema.org","@graph":[{"@type":"WebPage","@id":"https:\/\/espace-chirurgie.ch\/fr\/infos\/","url":"https:\/\/espace-chirurgie.ch\/fr\/infos\/","name":"Infos &#8211; Espace Chirurgie","isPartOf":{"@id":"https:\/\/espace-chirurgie.ch\/fr\/#website"},"datePublished":"2019-06-14T07:57:26+00:00","dateModified":"2026-03-22T16:29:57+00:00","breadcrumb":{"@id":"https:\/\/espace-chirurgie.ch\/fr\/infos\/#breadcrumb"},"inLanguage":"fr-FR","potentialAction":[{"@type":"ReadAction","target":["https:\/\/espace-chirurgie.ch\/fr\/infos\/"]}]},{"@type":"BreadcrumbList","@id":"https:\/\/espace-chirurgie.ch\/fr\/infos\/#breadcrumb","itemListElement":[{"@type":"ListItem","position":1,"name":"Startseite","item":"https:\/\/espace-chirurgie.ch\/fr\/"},{"@type":"ListItem","position":2,"name":"Infos"}]},{"@type":"WebSite","@id":"https:\/\/espace-chirurgie.ch\/fr\/#website","url":"https:\/\/espace-chirurgie.ch\/fr\/","name":"Espace Chirurgie","description":"Zentrum mit modernster und qualitativ hochwertiger chirurgischer Behandlung.","publisher":{"@id":"https:\/\/espace-chirurgie.ch\/fr\/#organization"},"potentialAction":[{"@type":"SearchAction","target":{"@type":"EntryPoint","urlTemplate":"https:\/\/espace-chirurgie.ch\/fr\/?s={search_term_string}"},"query-input":{"@type":"PropertyValueSpecification","valueRequired":true,"valueName":"search_term_string"}}],"inLanguage":"fr-FR"},{"@type":"Organization","@id":"https:\/\/espace-chirurgie.ch\/fr\/#organization","name":"Espace Chirurgie","url":"https:\/\/espace-chirurgie.ch\/fr\/","logo":{"@type":"ImageObject","inLanguage":"fr-FR","@id":"https:\/\/espace-chirurgie.ch\/fr\/#\/schema\/logo\/image\/","url":"https:\/\/espace-chirurgie.ch\/wp-content\/uploads\/2019\/06\/espace-chirurgie-logo.svg","contentUrl":"https:\/\/espace-chirurgie.ch\/wp-content\/uploads\/2019\/06\/espace-chirurgie-logo.svg","width":403,"height":86,"caption":"Espace Chirurgie"},"image":{"@id":"https:\/\/espace-chirurgie.ch\/fr\/#\/schema\/logo\/image\/"},"sameAs":["https:\/\/www.facebook.com\/espacechirurgie","https:\/\/www.linkedin.com\/company\/espace-chirurgie\/"]}]}},"_links":{"self":[{"href":"https:\/\/espace-chirurgie.ch\/fr\/wp-json\/wp\/v2\/pages\/1973","targetHints":{"allow":["GET"]}}],"collection":[{"href":"https:\/\/espace-chirurgie.ch\/fr\/wp-json\/wp\/v2\/pages"}],"about":[{"href":"https:\/\/espace-chirurgie.ch\/fr\/wp-json\/wp\/v2\/types\/page"}],"author":[{"embeddable":true,"href":"https:\/\/espace-chirurgie.ch\/fr\/wp-json\/wp\/v2\/users\/5"}],"replies":[{"embeddable":true,"href":"https:\/\/espace-chirurgie.ch\/fr\/wp-json\/wp\/v2\/comments?post=1973"}],"version-history":[{"count":27,"href":"https:\/\/espace-chirurgie.ch\/fr\/wp-json\/wp\/v2\/pages\/1973\/revisions"}],"predecessor-version":[{"id":5998,"href":"https:\/\/espace-chirurgie.ch\/fr\/wp-json\/wp\/v2\/pages\/1973\/revisions\/5998"}],"wp:attachment":[{"href":"https:\/\/espace-chirurgie.ch\/fr\/wp-json\/wp\/v2\/media?parent=1973"}],"curies":[{"name":"wp","href":"https:\/\/api.w.org\/{rel}","templated":true}]}}