{"id":1977,"date":"2019-06-14T09:56:46","date_gmt":"2019-06-14T07:56:46","guid":{"rendered":"https:\/\/espace-chirurgie.ch\/team\/"},"modified":"2026-03-03T15:33:15","modified_gmt":"2026-03-03T14:33:15","slug":"notre-equipe","status":"publish","type":"page","link":"https:\/\/espace-chirurgie.ch\/fr\/notre-equipe\/","title":{"rendered":"Notre \u00e9quipe"},"content":{"rendered":"\n<div class=\"wp-block-sht-header\">\n\t<div class=\"wp-block-sht-header__inner\">\n\t\t<figure class=\"wp-block-sht-header__figure\"><img loading=\"lazy\" decoding=\"async\" width=\"2560\" height=\"1080\" src=\"https:\/\/espace-chirurgie.ch\/wp-content\/uploads\/2026\/01\/Header-Team-Aerzte-OPS-Portrait-kleiner-scaled.jpg\" class=\"wp-block-sht-header__image\" alt=\"\u00c4rzte von Links nach Rechts: Andr\u00e9 Witschi, Christof Buser, Christof Z\u00f6llner, Markus Wagner, David Schrembs\" style=\"object-position: 50% 28%;\" srcset=\"https:\/\/espace-chirurgie.ch\/wp-content\/uploads\/2026\/01\/Header-Team-Aerzte-OPS-Portrait-kleiner-scaled.jpg 2560w, https:\/\/espace-chirurgie.ch\/wp-content\/uploads\/2026\/01\/Header-Team-Aerzte-OPS-Portrait-kleiner-300x127.jpg 300w, https:\/\/espace-chirurgie.ch\/wp-content\/uploads\/2026\/01\/Header-Team-Aerzte-OPS-Portrait-kleiner-1024x432.jpg 1024w, https:\/\/espace-chirurgie.ch\/wp-content\/uploads\/2026\/01\/Header-Team-Aerzte-OPS-Portrait-kleiner-768x324.jpg 768w, https:\/\/espace-chirurgie.ch\/wp-content\/uploads\/2026\/01\/Header-Team-Aerzte-OPS-Portrait-kleiner-1536x648.jpg 1536w, https:\/\/espace-chirurgie.ch\/wp-content\/uploads\/2026\/01\/Header-Team-Aerzte-OPS-Portrait-kleiner-2048x864.jpg 2048w\" sizes=\"auto, (max-width: 2560px) 100vw, 2560px\" \/><\/figure>\t\t<div class=\"wp-block-sht-header__content \" >\n\t\t\t\n\t\t\t\t\t<\/div>\n\t<\/div>\n<\/div>\n\n\n<div class=\"c-introcolumns wp-block-sht-intro\">\n\t<div class=\"wp-block-sht-intro__inner c-introcolumns__inner\">\n\t\t\t\t\t<div class=\"wp-block-sht-intro__header c-introcolumns__header\">\n\t\t\t\t<h2 class=\"wp-block-sht-intro__title c-introcolumns__title\">Notre \u00e9quipe<\/h2>\n\t\t\t<\/div>\n\t\t\n\t\t\t\t\t<div class=\"wp-block-sht-intro__content-wrapper c-introcolumns__content-wrapper\">\n\t\t\t\t\t\t\t\t\t<div class=\"wp-block-sht-intro__excerpt c-introcolumns__excerpt\">Espace Chirurgie promet une chirurgie moderne et individuelle.<\/div>\n\t\t\t\t\n\t\t\t\t\t\t\t\t\t<div class=\"wp-block-sht-intro__content c-introcolumns__content\">\n\n<p>Nous nous consid\u00e9rons comme une \u00e9quipe de sp\u00e9cialistes dont les aptitudes se compl\u00e8tent id\u00e9alement. Pour ce faire, nous nous appuyons sur les connaissances scientifiques les plus r\u00e9centes, nous utilisons les techniques les plus modernes et nous nous conformons enti\u00e8rement aux souhaits de nos patients.<\/p>\n\n\n\n<p>Aller avec son temps signifie pour nous une \u00e9troite coop\u00e9ration, un r\u00e9seau solide et l&rsquo;exploitation partenariale de connaissances sp\u00e9cialis\u00e9es. C&rsquo;est cette vision commune qui nous a motiv\u00e9s pour cr\u00e9er Espace Chirurgie, l&rsquo;un des premiers cabinets chirurgicaux de groupe en Suisse.<\/p>\n\n\n\n<p>En tant que patiente ou patient, vous \u00eates au centre de notre action. Nous souhaitons vous proposer des conseils et des traitements personnalis\u00e9s, d&rsquo;une exceptionnelle qualit\u00e9 et complets. Cet objectif, dont nous avons plac\u00e9 la barre tr\u00e8s haut, nous l&rsquo;atteignons gr\u00e2ce \u00e0 une \u00e9quipe parfaitement rod\u00e9e disposant de sp\u00e9cialisations diversifi\u00e9es dans le domaine de la chirurgie. Ensemble nous agissons \u00e0 un niveau d&rsquo;excellence tel que chacun d&rsquo;entre nous ne pourrait pas atteindre isol\u00e9ment. Notre mod\u00e8le de travail vous offre, en tant que patient(e) un haut niveau de s\u00e9curit\u00e9, un suivi optimum dans les cas d&rsquo;urgence ainsi que des m\u00e9thodes de traitement et chirurgicales \u00e0 la pointe du progr\u00e8s.<\/p>\n\n<\/div>\n\t\t\t\t\n\t\t\t<\/div>\n\t\t\t<\/div>\n<\/div>\n\n<div class=\"sht-content-block sht-team-block\"><strong>Team Block<\/strong><ul><li>Liste der Teammitglieder mit der Rolle \u00ab<i>Partenaires<\/i>\u00bb.<\/li><li>2 Spalten<\/li><li>Terminbuchung wird in der Liste angezeigt.<\/li><li>Link zur Profilansicht wird in der Liste angezeigt.<\/li><\/ul><\/div>\n\n\n<h2 class=\"wp-block-heading has-text-align-center\">Responsables<\/h2>\n\n\n<div class=\"sht-content-block sht-team-block\"><strong>Team Block<\/strong><ul><li>Liste der Teammitglieder mit der Rolle \u00ab<i>Responsables<\/i>\u00bb.<\/li><li>3 Spalten<\/li><li>Terminbuchung wird in der Liste angezeigt.<\/li><li>Link zur Profilansicht wird in der Liste angezeigt.<\/li><\/ul><\/div>\n\n\n<h2 class=\"wp-block-heading has-text-align-center\">Advanced Practice Nurse APN<\/h2>\n\n\n<div class=\"sht-content-block sht-team-block\"><strong>Team Block<\/strong><ul><li>Liste der Teammitglieder mit der Rolle \u00ab<i>Advanced Practice Nurse APN<\/i>\u00bb.<\/li><li>3 Spalten<\/li><li>Link zur Profilansicht wird in der Liste angezeigt.<\/li><\/ul><\/div>\n\n\n<h2 class=\"wp-block-heading has-text-align-center\">Les assistantes m\u00e9dicales<\/h2>\n\n\n<div class=\"sht-content-block sht-team-block\"><strong>Team Block<\/strong><ul><li>Liste der Teammitglieder mit der Rolle \u00ab<i>Les assistantes m\u00e9dicales<\/i>\u00bb.<\/li><li>3 Spalten<\/li><\/ul><\/div>\n\n\n<h2 class=\"wp-block-heading has-text-align-center\">\u00c9quipe di\u00e9t\u00e9tique<\/h2>\n\n\n<div class=\"sht-content-block sht-team-block\"><strong>Team Block<\/strong><ul><li>Liste der Teammitglieder mit der Rolle \u00ab<i>\u00c9quipe di\u00e9t\u00e9tique<\/i>\u00bb.<\/li><li>3 Spalten<\/li><\/ul><\/div>\n\n\n<h2 class=\"wp-block-heading has-text-align-center\">Stage<\/h2>\n\n\n<div class=\"sht-content-block sht-team-block\"><strong>Team Block<\/strong><ul><li>Liste der Teammitglieder mit der Rolle \u00ab<i>Stage<\/i>\u00bb.<\/li><li>3 Spalten<\/li><\/ul><\/div>","protected":false},"excerpt":{"rendered":"<p>Responsables Advanced Practice Nurse APN Les assistantes m\u00e9dicales \u00c9quipe di\u00e9t\u00e9tique Stage<\/p>\n","protected":false},"author":5,"featured_media":0,"parent":0,"menu_order":0,"comment_status":"closed","ping_status":"closed","template":"","meta":{"_acf_changed":false,"footnotes":""},"class_list":["post-1977","page","type-page","status-publish","hentry"],"acf":[],"yoast_head":"<!-- This site is optimized with the Yoast SEO plugin v27.4 - https:\/\/yoast.com\/product\/yoast-seo-wordpress\/ -->\n<title>Notre \u00e9quipe &#8211; Espace Chirurgie<\/title>\n<meta name=\"robots\" content=\"index, follow, max-snippet:-1, max-image-preview:large, max-video-preview:-1\" \/>\n<link rel=\"canonical\" href=\"https:\/\/espace-chirurgie.ch\/fr\/notre-equipe\/\" \/>\n<meta property=\"og:locale\" content=\"fr_FR\" \/>\n<meta property=\"og:type\" content=\"article\" \/>\n<meta property=\"og:title\" content=\"Notre \u00e9quipe &#8211; Espace Chirurgie\" \/>\n<meta property=\"og:description\" content=\"Responsables Advanced Practice Nurse APN Les assistantes m\u00e9dicales \u00c9quipe di\u00e9t\u00e9tique Stage\" \/>\n<meta property=\"og:url\" content=\"https:\/\/espace-chirurgie.ch\/fr\/notre-equipe\/\" \/>\n<meta property=\"og:site_name\" content=\"Espace Chirurgie\" \/>\n<meta property=\"article:publisher\" content=\"https:\/\/www.facebook.com\/espacechirurgie\" \/>\n<meta property=\"article:modified_time\" content=\"2026-03-03T14:33:15+00:00\" \/>\n<meta name=\"twitter:card\" content=\"summary_large_image\" \/>\n<meta name=\"twitter:label1\" content=\"Dur\u00e9e de lecture estim\u00e9e\" \/>\n\t<meta name=\"twitter:data1\" content=\"2 minutes\" \/>\n<script type=\"application\/ld+json\" class=\"yoast-schema-graph\">{\"@context\":\"https:\\\/\\\/schema.org\",\"@graph\":[{\"@type\":\"WebPage\",\"@id\":\"https:\\\/\\\/espace-chirurgie.ch\\\/fr\\\/notre-equipe\\\/\",\"url\":\"https:\\\/\\\/espace-chirurgie.ch\\\/fr\\\/notre-equipe\\\/\",\"name\":\"Notre \u00e9quipe &#8211; Espace Chirurgie\",\"isPartOf\":{\"@id\":\"https:\\\/\\\/espace-chirurgie.ch\\\/fr\\\/#website\"},\"datePublished\":\"2019-06-14T07:56:46+00:00\",\"dateModified\":\"2026-03-03T14:33:15+00:00\",\"breadcrumb\":{\"@id\":\"https:\\\/\\\/espace-chirurgie.ch\\\/fr\\\/notre-equipe\\\/#breadcrumb\"},\"inLanguage\":\"fr-FR\",\"potentialAction\":[{\"@type\":\"ReadAction\",\"target\":[\"https:\\\/\\\/espace-chirurgie.ch\\\/fr\\\/notre-equipe\\\/\"]}]},{\"@type\":\"BreadcrumbList\",\"@id\":\"https:\\\/\\\/espace-chirurgie.ch\\\/fr\\\/notre-equipe\\\/#breadcrumb\",\"itemListElement\":[{\"@type\":\"ListItem\",\"position\":1,\"name\":\"Startseite\",\"item\":\"https:\\\/\\\/espace-chirurgie.ch\\\/fr\\\/\"},{\"@type\":\"ListItem\",\"position\":2,\"name\":\"Notre \u00e9quipe\"}]},{\"@type\":\"WebSite\",\"@id\":\"https:\\\/\\\/espace-chirurgie.ch\\\/fr\\\/#website\",\"url\":\"https:\\\/\\\/espace-chirurgie.ch\\\/fr\\\/\",\"name\":\"Espace Chirurgie\",\"description\":\"Zentrum mit modernster und qualitativ hochwertiger chirurgischer Behandlung.\",\"publisher\":{\"@id\":\"https:\\\/\\\/espace-chirurgie.ch\\\/fr\\\/#organization\"},\"potentialAction\":[{\"@type\":\"SearchAction\",\"target\":{\"@type\":\"EntryPoint\",\"urlTemplate\":\"https:\\\/\\\/espace-chirurgie.ch\\\/fr\\\/?s={search_term_string}\"},\"query-input\":{\"@type\":\"PropertyValueSpecification\",\"valueRequired\":true,\"valueName\":\"search_term_string\"}}],\"inLanguage\":\"fr-FR\"},{\"@type\":\"Organization\",\"@id\":\"https:\\\/\\\/espace-chirurgie.ch\\\/fr\\\/#organization\",\"name\":\"Espace Chirurgie\",\"url\":\"https:\\\/\\\/espace-chirurgie.ch\\\/fr\\\/\",\"logo\":{\"@type\":\"ImageObject\",\"inLanguage\":\"fr-FR\",\"@id\":\"https:\\\/\\\/espace-chirurgie.ch\\\/fr\\\/#\\\/schema\\\/logo\\\/image\\\/\",\"url\":\"https:\\\/\\\/espace-chirurgie.ch\\\/wp-content\\\/uploads\\\/2019\\\/06\\\/espace-chirurgie-logo.svg\",\"contentUrl\":\"https:\\\/\\\/espace-chirurgie.ch\\\/wp-content\\\/uploads\\\/2019\\\/06\\\/espace-chirurgie-logo.svg\",\"width\":403,\"height\":86,\"caption\":\"Espace Chirurgie\"},\"image\":{\"@id\":\"https:\\\/\\\/espace-chirurgie.ch\\\/fr\\\/#\\\/schema\\\/logo\\\/image\\\/\"},\"sameAs\":[\"https:\\\/\\\/www.facebook.com\\\/espacechirurgie\",\"https:\\\/\\\/www.linkedin.com\\\/company\\\/espace-chirurgie\\\/\"]}]}<\/script>\n<!-- \/ Yoast SEO plugin. -->","yoast_head_json":{"title":"Notre \u00e9quipe &#8211; Espace Chirurgie","robots":{"index":"index","follow":"follow","max-snippet":"max-snippet:-1","max-image-preview":"max-image-preview:large","max-video-preview":"max-video-preview:-1"},"canonical":"https:\/\/espace-chirurgie.ch\/fr\/notre-equipe\/","og_locale":"fr_FR","og_type":"article","og_title":"Notre \u00e9quipe &#8211; Espace Chirurgie","og_description":"Responsables Advanced Practice Nurse APN Les assistantes m\u00e9dicales \u00c9quipe di\u00e9t\u00e9tique Stage","og_url":"https:\/\/espace-chirurgie.ch\/fr\/notre-equipe\/","og_site_name":"Espace Chirurgie","article_publisher":"https:\/\/www.facebook.com\/espacechirurgie","article_modified_time":"2026-03-03T14:33:15+00:00","twitter_card":"summary_large_image","twitter_misc":{"Dur\u00e9e de lecture estim\u00e9e":"2 minutes"},"schema":{"@context":"https:\/\/schema.org","@graph":[{"@type":"WebPage","@id":"https:\/\/espace-chirurgie.ch\/fr\/notre-equipe\/","url":"https:\/\/espace-chirurgie.ch\/fr\/notre-equipe\/","name":"Notre \u00e9quipe &#8211; Espace Chirurgie","isPartOf":{"@id":"https:\/\/espace-chirurgie.ch\/fr\/#website"},"datePublished":"2019-06-14T07:56:46+00:00","dateModified":"2026-03-03T14:33:15+00:00","breadcrumb":{"@id":"https:\/\/espace-chirurgie.ch\/fr\/notre-equipe\/#breadcrumb"},"inLanguage":"fr-FR","potentialAction":[{"@type":"ReadAction","target":["https:\/\/espace-chirurgie.ch\/fr\/notre-equipe\/"]}]},{"@type":"BreadcrumbList","@id":"https:\/\/espace-chirurgie.ch\/fr\/notre-equipe\/#breadcrumb","itemListElement":[{"@type":"ListItem","position":1,"name":"Startseite","item":"https:\/\/espace-chirurgie.ch\/fr\/"},{"@type":"ListItem","position":2,"name":"Notre \u00e9quipe"}]},{"@type":"WebSite","@id":"https:\/\/espace-chirurgie.ch\/fr\/#website","url":"https:\/\/espace-chirurgie.ch\/fr\/","name":"Espace Chirurgie","description":"Zentrum mit modernster und qualitativ hochwertiger chirurgischer Behandlung.","publisher":{"@id":"https:\/\/espace-chirurgie.ch\/fr\/#organization"},"potentialAction":[{"@type":"SearchAction","target":{"@type":"EntryPoint","urlTemplate":"https:\/\/espace-chirurgie.ch\/fr\/?s={search_term_string}"},"query-input":{"@type":"PropertyValueSpecification","valueRequired":true,"valueName":"search_term_string"}}],"inLanguage":"fr-FR"},{"@type":"Organization","@id":"https:\/\/espace-chirurgie.ch\/fr\/#organization","name":"Espace Chirurgie","url":"https:\/\/espace-chirurgie.ch\/fr\/","logo":{"@type":"ImageObject","inLanguage":"fr-FR","@id":"https:\/\/espace-chirurgie.ch\/fr\/#\/schema\/logo\/image\/","url":"https:\/\/espace-chirurgie.ch\/wp-content\/uploads\/2019\/06\/espace-chirurgie-logo.svg","contentUrl":"https:\/\/espace-chirurgie.ch\/wp-content\/uploads\/2019\/06\/espace-chirurgie-logo.svg","width":403,"height":86,"caption":"Espace Chirurgie"},"image":{"@id":"https:\/\/espace-chirurgie.ch\/fr\/#\/schema\/logo\/image\/"},"sameAs":["https:\/\/www.facebook.com\/espacechirurgie","https:\/\/www.linkedin.com\/company\/espace-chirurgie\/"]}]}},"_links":{"self":[{"href":"https:\/\/espace-chirurgie.ch\/fr\/wp-json\/wp\/v2\/pages\/1977","targetHints":{"allow":["GET"]}}],"collection":[{"href":"https:\/\/espace-chirurgie.ch\/fr\/wp-json\/wp\/v2\/pages"}],"about":[{"href":"https:\/\/espace-chirurgie.ch\/fr\/wp-json\/wp\/v2\/types\/page"}],"author":[{"embeddable":true,"href":"https:\/\/espace-chirurgie.ch\/fr\/wp-json\/wp\/v2\/users\/5"}],"replies":[{"embeddable":true,"href":"https:\/\/espace-chirurgie.ch\/fr\/wp-json\/wp\/v2\/comments?post=1977"}],"version-history":[{"count":36,"href":"https:\/\/espace-chirurgie.ch\/fr\/wp-json\/wp\/v2\/pages\/1977\/revisions"}],"predecessor-version":[{"id":5901,"href":"https:\/\/espace-chirurgie.ch\/fr\/wp-json\/wp\/v2\/pages\/1977\/revisions\/5901"}],"wp:attachment":[{"href":"https:\/\/espace-chirurgie.ch\/fr\/wp-json\/wp\/v2\/media?parent=1977"}],"curies":[{"name":"wp","href":"https:\/\/api.w.org\/{rel}","templated":true}]}}