{"id":5678,"date":"2026-02-05T17:31:01","date_gmt":"2026-02-05T16:31:01","guid":{"rendered":"https:\/\/espace-chirurgie.ch\/?page_id=5678"},"modified":"2026-03-04T16:48:52","modified_gmt":"2026-03-04T15:48:52","slug":"service-dietetique","status":"publish","type":"page","link":"https:\/\/espace-chirurgie.ch\/fr\/domaines-de-travail\/service-dietetique\/","title":{"rendered":"Service di\u00e9t\u00e9tique"},"content":{"rendered":"\n<div class=\"c-introcolumns wp-block-sht-intro\">\n\t<div class=\"wp-block-sht-intro__inner c-introcolumns__inner\">\n\t\t\n\t\t\t\t\t<div class=\"wp-block-sht-intro__content-wrapper c-introcolumns__content-wrapper\">\n\t\t\t\t\t\t\t\t\t<div class=\"wp-block-sht-intro__excerpt c-introcolumns__excerpt\">Le service di\u00e9t\u00e9tique vous accompagne dans l\u2019adaptation de vos habitudes alimentaires afin d\u2019am\u00e9liorer durablement votre sant\u00e9.<\/div>\n\t\t\t\t\n\t\t\t\t\t\t\t\t\t<div class=\"wp-block-sht-intro__content c-introcolumns__content\">\n\n<p> L\u2019accompagnement est personnalis\u00e9 et tient compte de vos besoins, de vos ressources et de votre mode de vie.<\/p>\n\n\n\n<p>Notre \u00e9quipe interdisciplinaire prend en charge les patientes et patients adultes en situation de surpoids ou d\u2019ob\u00e9sit\u00e9. Le suivi nutritionnel fait partie int\u00e9grante du traitement m\u00e9dical, que ce soit pour une perte de poids avec ou sans th\u00e9rapie m\u00e9dicamenteuse ou une intervention chirurgicale. Le service di\u00e9t\u00e9tique vous accompagne avant et apr\u00e8s une intervention chirurgicale et constitue un \u00e9l\u00e9ment essentiel de l\u2019\u00e9valuation m\u00e9dicale ainsi qu\u2019une condition pr\u00e9alable \u00e0 une op\u00e9ration. Nous vous conseillons \u00e9galement en cas de troubles digestifs et pour toute question li\u00e9e \u00e0 l\u2019alimentation.<\/p>\n\n\n\n<p>Le suivi nutritionnel est propos\u00e9 sur prescription m\u00e9dicale. Une prescription est valable pour six consultations individuelles. Les co\u00fbts sont pris en charge par l\u2019assurance de base. Nous proposons nos consultations en allemand, en fran\u00e7ais, en italien, en espagnol et en anglais.<\/p>\n\n\n\n<p><\/p>\n\n<\/div>\n\t\t\t\t\n\t\t\t<\/div>\n\t\t\t<\/div>\n<\/div>\n\n\n<div class=\"wp-block-sht-areas-list\">\n\t<ul class=\"wp-block-sht-areas-list__entries\">\n\t\t\t\t\t<li class=\"wp-block-sht-areas-list__entry\">\n\t\t\t\t<div class=\"wp-block-sht-areas-list__entry-text\">\n\t\t\t\t\t<a href=\"https:\/\/espace-chirurgie.ch\/fr\/arbeitsgebiet\/equipe\/\" class=\"wp-block-sht-areas-list__entry-link\">\n\t\t\t\t\t\t\u00c9quipe\t\t\t\t\t\t<svg xmlns=\"http:\/\/www.w3.org\/2000\/svg\" height=\"24px\" viewBox=\"0 -960 960 960\" width=\"24px\" fill=\"currentColor\">\n\t\t\t\t\t\t\t<path d=\"M693.5-467.5H217V-493h476.5L462-724.5l18-18.5 263 263-263 263-18-18.5 231.5-232Z\" \/>\n\t\t\t\t\t\t<\/svg>\n\t\t\t\t\t<\/a>\n\t\t\t\t<\/div>\n\t\t\t<\/li>\n\t\t\t\t\t<li class=\"wp-block-sht-areas-list__entry\">\n\t\t\t\t<div class=\"wp-block-sht-areas-list__entry-text\">\n\t\t\t\t\t<a href=\"https:\/\/espace-chirurgie.ch\/fr\/arbeitsgebiet\/modules\/\" class=\"wp-block-sht-areas-list__entry-link\">\n\t\t\t\t\t\tModules bariatriques\t\t\t\t\t\t<svg xmlns=\"http:\/\/www.w3.org\/2000\/svg\" height=\"24px\" viewBox=\"0 -960 960 960\" width=\"24px\" fill=\"currentColor\">\n\t\t\t\t\t\t\t<path d=\"M693.5-467.5H217V-493h476.5L462-724.5l18-18.5 263 263-263 263-18-18.5 231.5-232Z\" \/>\n\t\t\t\t\t\t<\/svg>\n\t\t\t\t\t<\/a>\n\t\t\t\t<\/div>\n\t\t\t<\/li>\n\t\t\t\t\t<li class=\"wp-block-sht-areas-list__entry\">\n\t\t\t\t<div class=\"wp-block-sht-areas-list__entry-text\">\n\t\t\t\t\t<a href=\"https:\/\/espace-chirurgie.ch\/fr\/arbeitsgebiet\/questions-frequentes\/\" class=\"wp-block-sht-areas-list__entry-link\">\n\t\t\t\t\t\tQuestions fr\u00e9quentes\t\t\t\t\t\t<svg xmlns=\"http:\/\/www.w3.org\/2000\/svg\" height=\"24px\" viewBox=\"0 -960 960 960\" width=\"24px\" fill=\"currentColor\">\n\t\t\t\t\t\t\t<path d=\"M693.5-467.5H217V-493h476.5L462-724.5l18-18.5 263 263-263 263-18-18.5 231.5-232Z\" \/>\n\t\t\t\t\t\t<\/svg>\n\t\t\t\t\t<\/a>\n\t\t\t\t<\/div>\n\t\t\t<\/li>\n\t\t\t<\/ul>\n<\/div>\n","protected":false},"excerpt":{"rendered":"","protected":false},"author":13,"featured_media":0,"parent":1986,"menu_order":4,"comment_status":"closed","ping_status":"closed","template":"","meta":{"_acf_changed":false,"footnotes":""},"class_list":["post-5678","page","type-page","status-publish","hentry"],"acf":[],"yoast_head":"<!-- This site is optimized with the Yoast SEO plugin v27.5 - https:\/\/yoast.com\/product\/yoast-seo-wordpress\/ -->\n<title>Service di\u00e9t\u00e9tique &#8211; Espace Chirurgie<\/title>\n<meta name=\"robots\" content=\"index, follow, max-snippet:-1, max-image-preview:large, max-video-preview:-1\" \/>\n<link rel=\"canonical\" href=\"https:\/\/espace-chirurgie.ch\/fr\/domaines-de-travail\/service-dietetique\/\" \/>\n<meta property=\"og:locale\" content=\"fr_FR\" \/>\n<meta property=\"og:type\" content=\"article\" \/>\n<meta property=\"og:title\" content=\"Service di\u00e9t\u00e9tique &#8211; Espace Chirurgie\" \/>\n<meta property=\"og:url\" content=\"https:\/\/espace-chirurgie.ch\/fr\/domaines-de-travail\/service-dietetique\/\" \/>\n<meta property=\"og:site_name\" content=\"Espace Chirurgie\" \/>\n<meta property=\"article:publisher\" content=\"https:\/\/www.facebook.com\/espacechirurgie\" \/>\n<meta property=\"article:modified_time\" content=\"2026-03-04T15:48:52+00:00\" \/>\n<meta name=\"twitter:card\" content=\"summary_large_image\" \/>\n<meta name=\"twitter:label1\" content=\"Dur\u00e9e de lecture estim\u00e9e\" \/>\n\t<meta name=\"twitter:data1\" content=\"1 minute\" \/>\n<script type=\"application\/ld+json\" class=\"yoast-schema-graph\">{\"@context\":\"https:\\\/\\\/schema.org\",\"@graph\":[{\"@type\":\"WebPage\",\"@id\":\"https:\\\/\\\/espace-chirurgie.ch\\\/fr\\\/domaines-de-travail\\\/service-dietetique\\\/\",\"url\":\"https:\\\/\\\/espace-chirurgie.ch\\\/fr\\\/domaines-de-travail\\\/service-dietetique\\\/\",\"name\":\"Service di\u00e9t\u00e9tique &#8211; Espace Chirurgie\",\"isPartOf\":{\"@id\":\"https:\\\/\\\/espace-chirurgie.ch\\\/fr\\\/#website\"},\"datePublished\":\"2026-02-05T16:31:01+00:00\",\"dateModified\":\"2026-03-04T15:48:52+00:00\",\"breadcrumb\":{\"@id\":\"https:\\\/\\\/espace-chirurgie.ch\\\/fr\\\/domaines-de-travail\\\/service-dietetique\\\/#breadcrumb\"},\"inLanguage\":\"fr-FR\",\"potentialAction\":[{\"@type\":\"ReadAction\",\"target\":[\"https:\\\/\\\/espace-chirurgie.ch\\\/fr\\\/domaines-de-travail\\\/service-dietetique\\\/\"]}]},{\"@type\":\"BreadcrumbList\",\"@id\":\"https:\\\/\\\/espace-chirurgie.ch\\\/fr\\\/domaines-de-travail\\\/service-dietetique\\\/#breadcrumb\",\"itemListElement\":[{\"@type\":\"ListItem\",\"position\":1,\"name\":\"Startseite\",\"item\":\"https:\\\/\\\/espace-chirurgie.ch\\\/fr\\\/\"},{\"@type\":\"ListItem\",\"position\":2,\"name\":\"Domaines de travail\",\"item\":\"https:\\\/\\\/espace-chirurgie.ch\\\/fr\\\/domaines-de-travail\\\/\"},{\"@type\":\"ListItem\",\"position\":3,\"name\":\"Service di\u00e9t\u00e9tique\"}]},{\"@type\":\"WebSite\",\"@id\":\"https:\\\/\\\/espace-chirurgie.ch\\\/fr\\\/#website\",\"url\":\"https:\\\/\\\/espace-chirurgie.ch\\\/fr\\\/\",\"name\":\"Espace Chirurgie\",\"description\":\"Zentrum mit modernster und qualitativ hochwertiger chirurgischer Behandlung.\",\"publisher\":{\"@id\":\"https:\\\/\\\/espace-chirurgie.ch\\\/fr\\\/#organization\"},\"potentialAction\":[{\"@type\":\"SearchAction\",\"target\":{\"@type\":\"EntryPoint\",\"urlTemplate\":\"https:\\\/\\\/espace-chirurgie.ch\\\/fr\\\/?s={search_term_string}\"},\"query-input\":{\"@type\":\"PropertyValueSpecification\",\"valueRequired\":true,\"valueName\":\"search_term_string\"}}],\"inLanguage\":\"fr-FR\"},{\"@type\":\"Organization\",\"@id\":\"https:\\\/\\\/espace-chirurgie.ch\\\/fr\\\/#organization\",\"name\":\"Espace Chirurgie\",\"url\":\"https:\\\/\\\/espace-chirurgie.ch\\\/fr\\\/\",\"logo\":{\"@type\":\"ImageObject\",\"inLanguage\":\"fr-FR\",\"@id\":\"https:\\\/\\\/espace-chirurgie.ch\\\/fr\\\/#\\\/schema\\\/logo\\\/image\\\/\",\"url\":\"https:\\\/\\\/espace-chirurgie.ch\\\/wp-content\\\/uploads\\\/2019\\\/06\\\/espace-chirurgie-logo.svg\",\"contentUrl\":\"https:\\\/\\\/espace-chirurgie.ch\\\/wp-content\\\/uploads\\\/2019\\\/06\\\/espace-chirurgie-logo.svg\",\"width\":403,\"height\":86,\"caption\":\"Espace Chirurgie\"},\"image\":{\"@id\":\"https:\\\/\\\/espace-chirurgie.ch\\\/fr\\\/#\\\/schema\\\/logo\\\/image\\\/\"},\"sameAs\":[\"https:\\\/\\\/www.facebook.com\\\/espacechirurgie\",\"https:\\\/\\\/www.linkedin.com\\\/company\\\/espace-chirurgie\\\/\"]}]}<\/script>\n<!-- \/ Yoast SEO plugin. -->","yoast_head_json":{"title":"Service di\u00e9t\u00e9tique &#8211; Espace Chirurgie","robots":{"index":"index","follow":"follow","max-snippet":"max-snippet:-1","max-image-preview":"max-image-preview:large","max-video-preview":"max-video-preview:-1"},"canonical":"https:\/\/espace-chirurgie.ch\/fr\/domaines-de-travail\/service-dietetique\/","og_locale":"fr_FR","og_type":"article","og_title":"Service di\u00e9t\u00e9tique &#8211; Espace Chirurgie","og_url":"https:\/\/espace-chirurgie.ch\/fr\/domaines-de-travail\/service-dietetique\/","og_site_name":"Espace Chirurgie","article_publisher":"https:\/\/www.facebook.com\/espacechirurgie","article_modified_time":"2026-03-04T15:48:52+00:00","twitter_card":"summary_large_image","twitter_misc":{"Dur\u00e9e de lecture estim\u00e9e":"1 minute"},"schema":{"@context":"https:\/\/schema.org","@graph":[{"@type":"WebPage","@id":"https:\/\/espace-chirurgie.ch\/fr\/domaines-de-travail\/service-dietetique\/","url":"https:\/\/espace-chirurgie.ch\/fr\/domaines-de-travail\/service-dietetique\/","name":"Service di\u00e9t\u00e9tique &#8211; Espace Chirurgie","isPartOf":{"@id":"https:\/\/espace-chirurgie.ch\/fr\/#website"},"datePublished":"2026-02-05T16:31:01+00:00","dateModified":"2026-03-04T15:48:52+00:00","breadcrumb":{"@id":"https:\/\/espace-chirurgie.ch\/fr\/domaines-de-travail\/service-dietetique\/#breadcrumb"},"inLanguage":"fr-FR","potentialAction":[{"@type":"ReadAction","target":["https:\/\/espace-chirurgie.ch\/fr\/domaines-de-travail\/service-dietetique\/"]}]},{"@type":"BreadcrumbList","@id":"https:\/\/espace-chirurgie.ch\/fr\/domaines-de-travail\/service-dietetique\/#breadcrumb","itemListElement":[{"@type":"ListItem","position":1,"name":"Startseite","item":"https:\/\/espace-chirurgie.ch\/fr\/"},{"@type":"ListItem","position":2,"name":"Domaines de travail","item":"https:\/\/espace-chirurgie.ch\/fr\/domaines-de-travail\/"},{"@type":"ListItem","position":3,"name":"Service di\u00e9t\u00e9tique"}]},{"@type":"WebSite","@id":"https:\/\/espace-chirurgie.ch\/fr\/#website","url":"https:\/\/espace-chirurgie.ch\/fr\/","name":"Espace Chirurgie","description":"Zentrum mit modernster und qualitativ hochwertiger chirurgischer Behandlung.","publisher":{"@id":"https:\/\/espace-chirurgie.ch\/fr\/#organization"},"potentialAction":[{"@type":"SearchAction","target":{"@type":"EntryPoint","urlTemplate":"https:\/\/espace-chirurgie.ch\/fr\/?s={search_term_string}"},"query-input":{"@type":"PropertyValueSpecification","valueRequired":true,"valueName":"search_term_string"}}],"inLanguage":"fr-FR"},{"@type":"Organization","@id":"https:\/\/espace-chirurgie.ch\/fr\/#organization","name":"Espace Chirurgie","url":"https:\/\/espace-chirurgie.ch\/fr\/","logo":{"@type":"ImageObject","inLanguage":"fr-FR","@id":"https:\/\/espace-chirurgie.ch\/fr\/#\/schema\/logo\/image\/","url":"https:\/\/espace-chirurgie.ch\/wp-content\/uploads\/2019\/06\/espace-chirurgie-logo.svg","contentUrl":"https:\/\/espace-chirurgie.ch\/wp-content\/uploads\/2019\/06\/espace-chirurgie-logo.svg","width":403,"height":86,"caption":"Espace Chirurgie"},"image":{"@id":"https:\/\/espace-chirurgie.ch\/fr\/#\/schema\/logo\/image\/"},"sameAs":["https:\/\/www.facebook.com\/espacechirurgie","https:\/\/www.linkedin.com\/company\/espace-chirurgie\/"]}]}},"_links":{"self":[{"href":"https:\/\/espace-chirurgie.ch\/fr\/wp-json\/wp\/v2\/pages\/5678","targetHints":{"allow":["GET"]}}],"collection":[{"href":"https:\/\/espace-chirurgie.ch\/fr\/wp-json\/wp\/v2\/pages"}],"about":[{"href":"https:\/\/espace-chirurgie.ch\/fr\/wp-json\/wp\/v2\/types\/page"}],"author":[{"embeddable":true,"href":"https:\/\/espace-chirurgie.ch\/fr\/wp-json\/wp\/v2\/users\/13"}],"replies":[{"embeddable":true,"href":"https:\/\/espace-chirurgie.ch\/fr\/wp-json\/wp\/v2\/comments?post=5678"}],"version-history":[{"count":5,"href":"https:\/\/espace-chirurgie.ch\/fr\/wp-json\/wp\/v2\/pages\/5678\/revisions"}],"predecessor-version":[{"id":5904,"href":"https:\/\/espace-chirurgie.ch\/fr\/wp-json\/wp\/v2\/pages\/5678\/revisions\/5904"}],"up":[{"embeddable":true,"href":"https:\/\/espace-chirurgie.ch\/fr\/wp-json\/wp\/v2\/pages\/1986"}],"wp:attachment":[{"href":"https:\/\/espace-chirurgie.ch\/fr\/wp-json\/wp\/v2\/media?parent=5678"}],"curies":[{"name":"wp","href":"https:\/\/api.w.org\/{rel}","templated":true}]}}